{"id":767,"date":"2012-09-12T09:50:37","date_gmt":"2012-09-12T09:50:37","guid":{"rendered":"http:\/\/www.larazcaman.com\/fr\/?page_id=767"},"modified":"2016-02-07T18:11:14","modified_gmt":"2016-02-07T18:11:14","slug":"cave-le-bordeau","status":"publish","type":"page","link":"https:\/\/www.larazcaman.com\/fr\/?page_id=767","title":{"rendered":"Cave Le Bord&rsquo;eau"},"content":{"rendered":"<p>&nbsp;<br \/>\n<strong>Dans le centre de Dinard<\/strong><img loading=\"lazy\" decoding=\"async\" class=\"ngg-singlepic ngg-right alignright\" style=\"border: 0pt none;\" src=\"https:\/\/www.larazcaman.com\/fr\/wp-content\/gallery\/site\/bandeaucave.jpg\" alt=\"bandeaucave\" width=\"225\" height=\"450\" \/><br \/>\n&nbsp;<br \/>\nSitu\u00e9 au coeur de Dinard et \u00e0 10 min de Saint-Malo, la cave Le Bord&rsquo;eau fait partie int\u00e9grante du Ch\u00e2teau La Raz Caman.<\/p>\n<p>Vous aurez la possibilit\u00e9 d&rsquo;acheter nos produits (Ch\u00e2teau Caman, Ch\u00e2teau La Raz Caman, Ch\u00e2teau M\u00e9lignan), ainsi qu\u2019une s\u00e9lection de Vins et Champagnes de Vignerons.<\/p>\n<p>Vous trouverez \u00e9galement des produits r\u00e9gionaux\u2026 Calvados, Pommeau, cidre,\u2026 ainsi que des Whisky, Rhum, Armagnac,\u2026<\/p>\n<p>&nbsp;<\/p>\n<p><em>Livraisons \u00e0 domicile sur Dinard depuis la cave, et dans toute la France depuis la propri\u00e9t\u00e9.<\/em><br \/>\n&nbsp;<br \/>\n&nbsp;<br \/>\n<strong>Horaires d&rsquo;ouverture<\/strong><br \/>\n&nbsp;<br \/>\n<span style=\"text-decoration: underline;\">Hiver :<\/span> du Jeudi au Samedi de 9h30 \u00e0 12h45 et de 15h \u00e0 19h<\/p>\n<p><span style=\"text-decoration: underline;\">Et\u00e9 :<\/span> du Mardi au Samedi de 9h30 \u00e0 12h45 et de 15h30 \u00e0 19h30 \/ Dimanche de 9h30 \u00e0 12h45<br \/>\n&nbsp;<br \/>\n&nbsp;<br \/>\n<strong>Nous joindre<\/strong><br \/>\n&nbsp;<br \/>\n<span style=\"text-decoration: underline;\">Tel :<\/span> 02 99 46 54 50<br \/>\n&nbsp;<br \/>\n&nbsp;<br \/>\n<strong>Adresse<\/strong><br \/>\n&nbsp;<br \/>\nCave Le Bord&rsquo;eau<br \/>\n4, rue de Saint Enogat<br \/>\n35800 DINARD<br \/>\n&nbsp;<br \/>\n<iframe loading=\"lazy\" src=\"http:\/\/maps.google.fr\/maps\/ms?hl=fr&amp;ie=UTF8&amp;msa=0&amp;msid=202292654566216862391.0004c995789436d2e3f8f&amp;ll=48.633689,-2.056901;spn=0.386992,0.95993&amp;z=10&amp;output=embed\" frameborder=\"0\" marginwidth=\"0\" marginheight=\"0\" scrolling=\"no\" width=\"700\" height=\"400\"><\/iframe><\/p>\n","protected":false},"excerpt":{"rendered":"<p>&nbsp; Dans le centre de Dinard &nbsp; Situ\u00e9 au coeur de Dinard et \u00e0 10 min de Saint-Malo, la cave Le Bord&rsquo;eau fait partie int\u00e9grante du Ch\u00e2teau La Raz Caman. Vous aurez la possibilit\u00e9 d&rsquo;acheter nos produits (Ch\u00e2teau Caman, Ch\u00e2teau La Raz Caman, Ch\u00e2teau M\u00e9lignan), ainsi qu\u2019une s\u00e9lection de Vins et Champagnes de Vignerons. Vous [&hellip;]<\/p>\n <a class=\"more-link\" href=\"https:\/\/www.larazcaman.com\/fr\/?page_id=767\">Keep reading<\/a>","protected":false},"author":1,"featured_media":0,"parent":0,"menu_order":3,"comment_status":"closed","ping_status":"open","template":"","meta":{"ngg_post_thumbnail":0,"footnotes":""},"aioseo_notices":[],"_links":{"self":[{"href":"https:\/\/www.larazcaman.com\/fr\/index.php?rest_route=\/wp\/v2\/pages\/767"}],"collection":[{"href":"https:\/\/www.larazcaman.com\/fr\/index.php?rest_route=\/wp\/v2\/pages"}],"about":[{"href":"https:\/\/www.larazcaman.com\/fr\/index.php?rest_route=\/wp\/v2\/types\/page"}],"author":[{"embeddable":true,"href":"https:\/\/www.larazcaman.com\/fr\/index.php?rest_route=\/wp\/v2\/users\/1"}],"replies":[{"embeddable":true,"href":"https:\/\/www.larazcaman.com\/fr\/index.php?rest_route=%2Fwp%2Fv2%2Fcomments&post=767"}],"version-history":[{"count":0,"href":"https:\/\/www.larazcaman.com\/fr\/index.php?rest_route=\/wp\/v2\/pages\/767\/revisions"}],"wp:attachment":[{"href":"https:\/\/www.larazcaman.com\/fr\/index.php?rest_route=%2Fwp%2Fv2%2Fmedia&parent=767"}],"curies":[{"name":"wp","href":"https:\/\/api.w.org\/{rel}","templated":true}]}}