{"id":4,"date":"2011-03-09T11:05:23","date_gmt":"2011-03-09T11:05:23","guid":{"rendered":"http:\/\/www.larazcaman.com\/wordpress\/?page_id=4"},"modified":"2016-04-30T15:51:16","modified_gmt":"2016-04-30T15:51:16","slug":"nous-contacter","status":"publish","type":"page","link":"https:\/\/www.larazcaman.com\/fr\/?page_id=4","title":{"rendered":"Nous contacter"},"content":{"rendered":"<p><a href=\"https:\/\/www.larazcaman.com\/fr\/?attachment_id=9\" rel=\"attachment wp-att-9\"><img loading=\"lazy\" decoding=\"async\" class=\"alignleft  wp-image-9\" title=\"Jean-Francois Pommeraud\" src=\"https:\/\/www.larazcaman.com\/fr\/wp-content\/images\/jf-pommeraud-041-150x150.jpg\" alt=\"\" width=\"157\" height=\"157\" srcset=\"https:\/\/www.larazcaman.com\/fr\/wp-content\/images\/jf-pommeraud-041-150x150.jpg 150w, https:\/\/www.larazcaman.com\/fr\/wp-content\/images\/jf-pommeraud-041-300x300.jpg 300w, https:\/\/www.larazcaman.com\/fr\/wp-content\/images\/jf-pommeraud-041.jpg 567w\" sizes=\"(max-width: 157px) 100vw, 157px\" \/><\/a><\/p>\n<p>&nbsp;<\/p>\n<p>SCEV Vignobles Pommeraud<\/p>\n<p>4, Ch\u00e2teau La Raz Caman<br \/>\n33390 Anglade<br \/>\nFrance<\/p>\n<p>T\u00e9l\u00e9phone : +33 (0)5 57 64 41 82<\/p>\n<p>&nbsp;<\/p>\n\n<div class=\"wpcf7 no-js\" id=\"wpcf7-f675-o1\" lang=\"en-US\" dir=\"ltr\">\n<div class=\"screen-reader-response\"><p role=\"status\" aria-live=\"polite\" aria-atomic=\"true\"><\/p> <ul><\/ul><\/div>\n<form action=\"\/fr\/index.php?rest_route=%2Fwp%2Fv2%2Fpages%2F4#wpcf7-f675-o1\" method=\"post\" class=\"wpcf7-form init\" aria-label=\"Contact form\" novalidate=\"novalidate\" data-status=\"init\">\n<div style=\"display: none;\">\n<input type=\"hidden\" name=\"_wpcf7\" value=\"675\" \/>\n<input type=\"hidden\" name=\"_wpcf7_version\" value=\"5.8.6\" \/>\n<input type=\"hidden\" name=\"_wpcf7_locale\" value=\"en_US\" \/>\n<input type=\"hidden\" name=\"_wpcf7_unit_tag\" value=\"wpcf7-f675-o1\" \/>\n<input type=\"hidden\" name=\"_wpcf7_container_post\" value=\"0\" \/>\n<input type=\"hidden\" name=\"_wpcf7_posted_data_hash\" value=\"\" \/>\n<\/div>\n<h2>Une Demande ?\n<\/h2>\n<p>Votre nom (obligatoire)\n<\/p>\n<p><span class=\"wpcf7-form-control-wrap\" data-name=\"your-name\"><input size=\"40\" class=\"wpcf7-form-control wpcf7-text wpcf7-validates-as-required\" aria-required=\"true\" aria-invalid=\"false\" value=\"\" type=\"text\" name=\"your-name\" \/><\/span>\n<\/p>\n<p>Votre email (obligatoire)\n<\/p>\n<p><span class=\"wpcf7-form-control-wrap\" data-name=\"your-email\"><input size=\"40\" class=\"wpcf7-form-control wpcf7-email wpcf7-validates-as-required wpcf7-text wpcf7-validates-as-email\" aria-required=\"true\" aria-invalid=\"false\" value=\"\" type=\"email\" name=\"your-email\" \/><\/span>\n<\/p>\n<p>Adresse\n<\/p>\n<p><span class=\"wpcf7-form-control-wrap\" data-name=\"Adresse\"><input size=\"40\" class=\"wpcf7-form-control wpcf7-text\" aria-invalid=\"false\" value=\"\" type=\"text\" name=\"Adresse\" \/><\/span>\n<\/p>\n<p>Code Postal\n<\/p>\n<p><span class=\"wpcf7-form-control-wrap\" data-name=\"Code-postal\"><input size=\"40\" class=\"wpcf7-form-control wpcf7-text\" aria-invalid=\"false\" value=\"\" type=\"text\" name=\"Code-postal\" \/><\/span>\n<\/p>\n<p>Ville\n<\/p>\n<p><span class=\"wpcf7-form-control-wrap\" data-name=\"Ville\"><input size=\"40\" class=\"wpcf7-form-control wpcf7-text\" aria-invalid=\"false\" value=\"\" type=\"text\" name=\"Ville\" \/><\/span>\n<\/p>\n<p>Sujet\n<\/p>\n<p><span class=\"wpcf7-form-control-wrap\" data-name=\"your-subject\"><input size=\"40\" class=\"wpcf7-form-control wpcf7-text\" aria-invalid=\"false\" value=\"\" type=\"text\" name=\"your-subject\" \/><\/span>\n<\/p>\n<p>Votre message\n<\/p>\n<p><span class=\"wpcf7-form-control-wrap\" data-name=\"your-message\"><textarea cols=\"40\" rows=\"10\" class=\"wpcf7-form-control wpcf7-textarea\" aria-invalid=\"false\" name=\"your-message\"><\/textarea><\/span>\n<\/p>\n<p><input class=\"wpcf7-form-control wpcf7-submit has-spinner\" type=\"submit\" value=\"Envoyer\" \/>\n<\/p><p style=\"display: none !important;\" class=\"akismet-fields-container\" data-prefix=\"_wpcf7_ak_\"><label>&#916;<textarea name=\"_wpcf7_ak_hp_textarea\" cols=\"45\" rows=\"8\" maxlength=\"100\"><\/textarea><\/label><input type=\"hidden\" id=\"ak_js_1\" name=\"_wpcf7_ak_js\" value=\"99\"\/><script>document.getElementById( \"ak_js_1\" ).setAttribute( \"value\", ( new Date() ).getTime() );<\/script><\/p><div class=\"wpcf7-response-output\" aria-hidden=\"true\"><\/div>\n<\/form>\n<\/div>\n\n","protected":false},"excerpt":{"rendered":"<p>&nbsp; SCEV Vignobles Pommeraud 4, Ch\u00e2teau La Raz Caman 33390 Anglade France T\u00e9l\u00e9phone : +33 (0)5 57 64 41 82 &nbsp;<\/p>\n <a class=\"more-link\" href=\"https:\/\/www.larazcaman.com\/fr\/?page_id=4\">Keep reading<\/a>","protected":false},"author":1,"featured_media":0,"parent":0,"menu_order":6,"comment_status":"closed","ping_status":"open","template":"","meta":{"ngg_post_thumbnail":0,"footnotes":""},"aioseo_notices":[],"_links":{"self":[{"href":"https:\/\/www.larazcaman.com\/fr\/index.php?rest_route=\/wp\/v2\/pages\/4"}],"collection":[{"href":"https:\/\/www.larazcaman.com\/fr\/index.php?rest_route=\/wp\/v2\/pages"}],"about":[{"href":"https:\/\/www.larazcaman.com\/fr\/index.php?rest_route=\/wp\/v2\/types\/page"}],"author":[{"embeddable":true,"href":"https:\/\/www.larazcaman.com\/fr\/index.php?rest_route=\/wp\/v2\/users\/1"}],"replies":[{"embeddable":true,"href":"https:\/\/www.larazcaman.com\/fr\/index.php?rest_route=%2Fwp%2Fv2%2Fcomments&post=4"}],"version-history":[{"count":0,"href":"https:\/\/www.larazcaman.com\/fr\/index.php?rest_route=\/wp\/v2\/pages\/4\/revisions"}],"wp:attachment":[{"href":"https:\/\/www.larazcaman.com\/fr\/index.php?rest_route=%2Fwp%2Fv2%2Fmedia&parent=4"}],"curies":[{"name":"wp","href":"https:\/\/api.w.org\/{rel}","templated":true}]}}