{"id":306,"date":"2011-03-17T14:47:55","date_gmt":"2011-03-17T14:47:55","guid":{"rendered":"http:\/\/www.larazcaman.com\/wordpress\/?page_id=306"},"modified":"2012-01-06T14:13:37","modified_gmt":"2012-01-06T14:13:37","slug":"raz-caman","status":"publish","type":"page","link":"https:\/\/www.larazcaman.com\/fr\/?page_id=306","title":{"rendered":"Ch\u00e2teau La Raz Caman"},"content":{"rendered":"<p>&nbsp;<\/p>\n<p><strong>Le Vin<\/strong><\/p>\n<p>&nbsp;<\/p>\n<p>Le vignoble de La Raz Caman est implant\u00e9 sur les coteaux \u00ab\u00a0argileux calcaires, pierreux\u00a0\u00bb de la commune d&rsquo;Anglade dont F\u00e9ret mentionner en 1868 que ses vins color\u00e9s et tr\u00e8s murs \u00e9taient recherch\u00e9s pour les affaires de primeurs.<\/p>\n<p>&nbsp;<\/p>\n<p>Les nombreuses couches de pierres calcaires permettent un drainage naturel du sol et du sous-sol. La faible couche de terre qui recouvre le socle calcaire qui forme nos \u00ab\u00a0cotes\u00a0\u00bb oblige la vigne \u00e0 un enracinement profond et difficile les premi\u00e8res ann\u00e9es.<\/p>\n<p>Une fois bien enracin\u00e9e, elle puise en profondeur les \u00e9l\u00e9ments nutritifs n\u00e9cessaires \u00e0 son alimentation sans conna\u00eetre les probl\u00e8mes de stress hydriques des ann\u00e9es de s\u00e9cheresse comme 1976 ou 2003. Au contraire elle va exploiter au mieux le sous-sol, et exprimer les qualit\u00e9s du terroir.<\/p>\n<p>&nbsp;<\/p>\n\n<div class=\"ngg-galleryoverview ngg-template-caption\" id=\"ngg-gallery-2650e4740a34d50727b4f021df79b531-306\">\n\n\t\t\n\t<!-- Thumbnails -->\n\t\t\t\t\t\n\t<div id=\"ngg-image-84\" class=\"ngg-gallery-thumbnail-box\"  >\n\t\t<div class=\"ngg-gallery-thumbnail\" >\n\t\t\t<a href=\"https:\/\/www.larazcaman.com\/fr\/wp-content\/gallery\/produit_rc2\/raz_caman1.jpg\"\n\t\t\t\ttitle=\" \"\n\t\t\t\tclass=\"ngg-fancybox\" rel=\"2650e4740a34d50727b4f021df79b531\" data-image-id=\"84\" data-src=\"https:\/\/www.larazcaman.com\/fr\/wp-content\/gallery\/produit_rc2\/raz_caman1.jpg\" data-thumbnail=\"https:\/\/www.larazcaman.com\/fr\/wp-content\/gallery\/produit_rc2\/cache\/raz_caman1.jpg-nggid0284-ngg0dyn-150x110x100-00f0w010c011r110f110r010t010.jpg\" data-title=\"raz_caman1\" data-description=\" \" >\n\t\t\t\t\t\t\t\t<img title=\"raz_caman1\" alt=\"raz_caman1\" src=\"https:\/\/www.larazcaman.com\/fr\/wp-content\/gallery\/produit_rc2\/cache\/raz_caman1.jpg-nggid0284-ngg0dyn-150x110x100-00f0w010c011r110f110r010t010.jpg\" width='150' height='110' \/>\n\t\t\t\t\t\t\t<\/a>\n\t\t\t<span>\n\t\t\t \t\t\t<\/span>\n\t\t<\/div>\n\t<\/div>\n\t\t\t\t\t\t\t\t\n\t<div id=\"ngg-image-83\" class=\"ngg-gallery-thumbnail-box\"  >\n\t\t<div class=\"ngg-gallery-thumbnail\" >\n\t\t\t<a href=\"https:\/\/www.larazcaman.com\/fr\/wp-content\/gallery\/produit_rc2\/raz_caman2.jpg\"\n\t\t\t\ttitle=\" \"\n\t\t\t\tclass=\"ngg-fancybox\" rel=\"2650e4740a34d50727b4f021df79b531\" data-image-id=\"83\" data-src=\"https:\/\/www.larazcaman.com\/fr\/wp-content\/gallery\/produit_rc2\/raz_caman2.jpg\" data-thumbnail=\"https:\/\/www.larazcaman.com\/fr\/wp-content\/gallery\/produit_rc2\/cache\/raz_caman2.jpg-nggid0283-ngg0dyn-150x110x100-00f0w010c011r110f110r010t010.jpg\" data-title=\"raz_caman2\" data-description=\" \" >\n\t\t\t\t\t\t\t\t<img title=\"raz_caman2\" alt=\"raz_caman2\" src=\"https:\/\/www.larazcaman.com\/fr\/wp-content\/gallery\/produit_rc2\/cache\/raz_caman2.jpg-nggid0283-ngg0dyn-150x110x100-00f0w010c011r110f110r010t010.jpg\" width='150' height='110' \/>\n\t\t\t\t\t\t\t<\/a>\n\t\t\t<span>\n\t\t\t \t\t\t<\/span>\n\t\t<\/div>\n\t<\/div>\n\t\t\t\t\t\t\t\t\n\t<!-- Pagination -->\n\t\t<div class='ngg-clear'><\/div>\t\n<\/div>\n\n\t\n<p>&nbsp;<\/p>\n<p>&nbsp;<\/p>\n<p><strong>Fiches techniques<\/strong><\/p>\n<p>&nbsp;<\/p>\n<p>Ch\u00e2teau La Raz Caman <span style=\"color: #830b19;\">Rouge<\/span> | <a href=\"https:\/\/www.larazcaman.com\/fr\/wp-content\/images\/Ch\u00e2teau-La-Raz-Caman-2005.pdf\" target=\"_blank\">2005<\/a> | <a href=\"https:\/\/www.larazcaman.com\/fr\/wp-content\/images\/Ch\u00e2teau-La-Raz-Caman-2006.pdf\" target=\"_blank\">2006<\/a> | <a href=\"https:\/\/www.larazcaman.com\/fr\/wp-content\/images\/Ch\u00e2teau-La-Raz-Caman-2007.pdf\" target=\"_blank\">2007<\/a> | <a href=\"https:\/\/www.larazcaman.com\/fr\/wp-content\/images\/Ch\u00e2teau-La-Raz-Caman-2008.pdf\" target=\"_blank\">2008<\/a><strong> <\/strong><strong> <\/strong><\/p>\n<p>Ch\u00e2teau La Raz Caman <span style=\"color: #99cc00;\">Blanc<\/span> | <a href=\"https:\/\/www.larazcaman.com\/fr\/wp-content\/images\/Ch\u00e2teau-La-Raz-Caman-Blanc-2010.pdf\" target=\"_blank\">2010<\/a><\/p>\n<p>&nbsp;<\/p>\n\n<div class=\"ngg-galleryoverview ngg-template-caption\" id=\"ngg-gallery-a72e71098d8e420c2909ccea1ddff8d8-306\">\n\n\t\t\n\t<!-- Thumbnails -->\n\t\t\t\t\t\n\t<div id=\"ngg-image-104\" class=\"ngg-gallery-thumbnail-box\"  >\n\t\t<div class=\"ngg-gallery-thumbnail\" >\n\t\t\t<a href=\"https:\/\/www.larazcaman.com\/fr\/wp-content\/gallery\/produit_rc\/raz_caman.jpg\"\n\t\t\t\ttitle=\" \"\n\t\t\t\tclass=\"ngg-fancybox\" rel=\"a72e71098d8e420c2909ccea1ddff8d8\" data-image-id=\"104\" data-src=\"https:\/\/www.larazcaman.com\/fr\/wp-content\/gallery\/produit_rc\/raz_caman.jpg\" data-thumbnail=\"https:\/\/www.larazcaman.com\/fr\/wp-content\/gallery\/produit_rc\/cache\/raz_caman.jpg-nggid03104-ngg0dyn-150x110x100-00f0w010c011r110f110r010t010.jpg\" data-title=\"raz_caman\" data-description=\" \" >\n\t\t\t\t\t\t\t\t<img title=\"raz_caman\" alt=\"raz_caman\" src=\"https:\/\/www.larazcaman.com\/fr\/wp-content\/gallery\/produit_rc\/cache\/raz_caman.jpg-nggid03104-ngg0dyn-150x110x100-00f0w010c011r110f110r010t010.jpg\" width='150' height='110' \/>\n\t\t\t\t\t\t\t<\/a>\n\t\t\t<span>\n\t\t\t \t\t\t<\/span>\n\t\t<\/div>\n\t<\/div>\n\t\t\t\t\t\t\t\t\n\t<div id=\"ngg-image-67\" class=\"ngg-gallery-thumbnail-box\"  >\n\t\t<div class=\"ngg-gallery-thumbnail\" >\n\t\t\t<a href=\"https:\/\/www.larazcaman.com\/fr\/wp-content\/gallery\/produit_rc\/raz_caman_e.jpg\"\n\t\t\t\ttitle=\" \"\n\t\t\t\tclass=\"ngg-fancybox\" rel=\"a72e71098d8e420c2909ccea1ddff8d8\" data-image-id=\"67\" data-src=\"https:\/\/www.larazcaman.com\/fr\/wp-content\/gallery\/produit_rc\/raz_caman_e.jpg\" data-thumbnail=\"https:\/\/www.larazcaman.com\/fr\/wp-content\/gallery\/produit_rc\/cache\/raz_caman_e.jpg-nggid0267-ngg0dyn-150x110x100-00f0w010c011r110f110r010t010.jpg\" data-title=\"raz_caman_e\" data-description=\" \" >\n\t\t\t\t\t\t\t\t<img title=\"raz_caman_e\" alt=\"raz_caman_e\" src=\"https:\/\/www.larazcaman.com\/fr\/wp-content\/gallery\/produit_rc\/cache\/raz_caman_e.jpg-nggid0267-ngg0dyn-150x110x100-00f0w010c011r110f110r010t010.jpg\" width='150' height='110' \/>\n\t\t\t\t\t\t\t<\/a>\n\t\t\t<span>\n\t\t\t \t\t\t<\/span>\n\t\t<\/div>\n\t<\/div>\n\t\t\t\t\t\t\t\t\n\t<div id=\"ngg-image-103\" class=\"ngg-gallery-thumbnail-box\"  >\n\t\t<div class=\"ngg-gallery-thumbnail\" >\n\t\t\t<a href=\"https:\/\/www.larazcaman.com\/fr\/wp-content\/gallery\/produit_rc\/blanc.jpg\"\n\t\t\t\ttitle=\" \"\n\t\t\t\tclass=\"ngg-fancybox\" rel=\"a72e71098d8e420c2909ccea1ddff8d8\" data-image-id=\"103\" data-src=\"https:\/\/www.larazcaman.com\/fr\/wp-content\/gallery\/produit_rc\/blanc.jpg\" data-thumbnail=\"https:\/\/www.larazcaman.com\/fr\/wp-content\/gallery\/produit_rc\/cache\/blanc.jpg-nggid03103-ngg0dyn-150x110x100-00f0w010c011r110f110r010t010.jpg\" data-title=\"blanc\" data-description=\" \" >\n\t\t\t\t\t\t\t\t<img title=\"blanc\" alt=\"blanc\" src=\"https:\/\/www.larazcaman.com\/fr\/wp-content\/gallery\/produit_rc\/cache\/blanc.jpg-nggid03103-ngg0dyn-150x110x100-00f0w010c011r110f110r010t010.jpg\" width='150' height='110' \/>\n\t\t\t\t\t\t\t<\/a>\n\t\t\t<span>\n\t\t\t \t\t\t<\/span>\n\t\t<\/div>\n\t<\/div>\n\t\t\t\t\t\t\t\t\n\t<div id=\"ngg-image-68\" class=\"ngg-gallery-thumbnail-box\"  >\n\t\t<div class=\"ngg-gallery-thumbnail\" >\n\t\t\t<a href=\"https:\/\/www.larazcaman.com\/fr\/wp-content\/gallery\/produit_rc\/blanc_e.jpg\"\n\t\t\t\ttitle=\" \"\n\t\t\t\tclass=\"ngg-fancybox\" rel=\"a72e71098d8e420c2909ccea1ddff8d8\" data-image-id=\"68\" data-src=\"https:\/\/www.larazcaman.com\/fr\/wp-content\/gallery\/produit_rc\/blanc_e.jpg\" data-thumbnail=\"https:\/\/www.larazcaman.com\/fr\/wp-content\/gallery\/produit_rc\/cache\/blanc_e.jpg-nggid0268-ngg0dyn-150x110x100-00f0w010c011r110f110r010t010.jpg\" data-title=\"blanc_e\" data-description=\" \" >\n\t\t\t\t\t\t\t\t<img title=\"blanc_e\" alt=\"blanc_e\" src=\"https:\/\/www.larazcaman.com\/fr\/wp-content\/gallery\/produit_rc\/cache\/blanc_e.jpg-nggid0268-ngg0dyn-150x110x100-00f0w010c011r110f110r010t010.jpg\" width='150' height='110' \/>\n\t\t\t\t\t\t\t<\/a>\n\t\t\t<span>\n\t\t\t \t\t\t<\/span>\n\t\t<\/div>\n\t<\/div>\n\t\t\t\t\t\t\t\t\n\t<!-- Pagination -->\n\t\t<div class='ngg-clear'><\/div>\t\n<\/div>\n\n\t\n<p>&nbsp;<\/p>\n<p>&nbsp;<\/p>\n<p><strong>Revue de presse<\/strong><\/p>\n<p><img loading=\"lazy\" decoding=\"async\" class=\"ngg-singlepic ngg-left alignleft\" style=\"border: 0pt none;\" src=\"https:\/\/www.larazcaman.com\/fr\/wp-content\/gallery\/site\/medaille_argent2011.jpg\" alt=\"medaille_argent2011\" width=\"70\" height=\"70\" \/><\/p>\n<p>&nbsp;<\/p>\n<p><span style=\"text-decoration: underline;\">La Raz Caman 2008<\/span> \u2013 Challenge International du Vin \u2013 2011<\/p>\n<p style=\"text-align: left;\">M\u00e9daille d&rsquo;Argent<\/p>\n<p style=\"text-align: left;\"><a href=\"https:\/\/www.larazcaman.com\/fr\/wp-content\/images\/larazcaman_medaille2011.pdf\" target=\"_blank\">Consulter l&rsquo;attestation de r\u00e9compense<\/a><\/p>\n<p>&nbsp;<\/p>\n<p><span style=\"text-decoration: underline;\">La Raz Caman 2007<\/span> \u2013 Le guide Hachette des vins \u2013 2011<\/p>\n<p>Les quatre c\u00e9pages classiques du Bordelais \u2013\u00a0merlot (55\u00a0%), cabernet-sauvignon, cabernet franc et malbec\u00a0\u2013 composent ce vin au bois\u00e9 encore intense, \u00e9lev\u00e9 douze mois en barrique de ch\u00eane. Ce dernier prend des nuances torr\u00e9fi\u00e9es qui laissent \u00e0 ce jour peu de place aux fruits rouges. La bouche se distingue par son c\u00f4t\u00e9 riche et soyeux, avant que la finale ne se r\u00e9v\u00e8le un peu aust\u00e8re. Dans deux ou trois ans, ce 2007 se sera assoupli.<\/p>\n<p>&nbsp;<\/p>\n<p><span style=\"text-decoration: underline;\">La Raz Caman 2007<\/span> \u2013 Le grand guide des vins de France \u2013 2011<\/p>\n<p>Nez toast\u00e9, belle souplesse en bouche, la part importante de malbec (22 %) lui donne son caract\u00e8re fruit\u00e9 et gourmand. Nous avons un faible pour ce vin sinc\u00e8re sans artifice.<\/p>\n<p>Note : 15\/20<\/p>\n<p><img loading=\"lazy\" decoding=\"async\" class=\"ngg-singlepic ngg-left alignleft\" style=\"border: 0pt none;\" src=\"https:\/\/www.larazcaman.com\/fr\/wp-content\/gallery\/site\/medaille_or2010.jpg\" alt=\"medaille_or2010\" width=\"70\" height=\"70\" \/><\/p>\n<p>&nbsp;<\/p>\n<p><span style=\"text-decoration: underline;\">La Raz Caman 2007<\/span> \u2013 Challenge International du Vin \u2013 2010<\/p>\n<p style=\"text-align: left;\">\u00a0M\u00e9daille d&rsquo;Or<\/p>\n<p style=\"text-align: left;\"><a href=\"https:\/\/www.larazcaman.com\/fr\/wp-content\/images\/larazcaman_medaille2010.pdf\" target=\"_blank\">Consulter l&rsquo;attestation de r\u00e9compense<\/a><\/p>\n<p>&nbsp;<\/p>\n<p><span style=\"text-decoration: underline;\">La Raz Caman 2007<\/span> \u2013 Decanter \u2013 The 2009 Bordeaux issue<\/p>\n<p>Firm, rich extract. Dark fruit with fresh, minerally notes. A certain power. Impressive for the vintage. 2010 \u2013 2015.<\/p>\n<p><span style=\"text-decoration: underline;\">Note :<\/span> 15,5\/20<\/p>\n<p>&nbsp;<\/p>\n<p><span style=\"text-decoration: underline;\">La Raz Caman 2006<\/span> \u2013 La revue du vin de France \u2013 n\u00b0512 \u2013 Juin 2007<\/p>\n<p>Nez tr\u00e8s m\u00fbrs et marqu\u00e9 par un bois\u00e9 toast\u00e9, tout comme la bouche chaleureuse et solidement tannique.<\/p>\n<p><span style=\"text-decoration: underline;\">Note :<\/span> Entre 15,5 et 17\/20<\/p>\n<p>&nbsp;<\/p>\n<p><span style=\"text-decoration: underline;\">La Raz Caman 2005<\/span> \u2013 Le guide Hachette des vins \u2013 2008<\/p>\n<p>Un vin de teinte noire \u00e0 reflets violac\u00e9s qui exhale des ar\u00f4mes de fruits noirs, de grill\u00e9, de vanille et de graphite avant d\u2019emplir le palais d\u2019une chair l\u00e9g\u00e8re, gentiment bois\u00e9e.<\/p>\n<p>&nbsp;<\/p>\n<div class=\"hide-this-part-wrap\"><div class=\"hide-this-part-more\" id=\"hide-this-part-0\" morelink-text=\"Revue de presse : Archives\">Revue de presse : Archives \u00bb<\/div><div class=\"hide-this-part\" status=\"invisible\"><\/p>\n<p>&nbsp;<\/p>\n<p><span style=\"text-decoration: underline;\">La Raz Caman 2004<\/span> \u2013 La revue du vin de France \u2013 n\u00b0501 \u2013 Mai 2006<\/p>\n<p>Belle concentration, bois\u00e9 \u00e9l\u00e9gant, finesse de style, longueur. Bonne fraicheur et finale \u00e9clatante. Une belle r\u00e9ussite de l\u2019appellation.<\/p>\n<p><span style=\"text-decoration: underline;\">Note :<\/span> Bon\/Tr\u00e8s Bien<\/p>\n<p>&nbsp;<\/p>\n<p><span style=\"text-decoration: underline;\">La Raz Caman 2002<\/span> \u2013 Le guide des meilleurs vins \u00e0 petit prix \u2013 2006<\/p>\n<p>Vin g\u00e9n\u00e9reux et plein avec un bois\u00e9 assez marquet au nez. La bouche est compl\u00e8te, de belle concentration sur un fruit \u00e0 maturit\u00e9. Bonne longueur en finale avec une l\u00e9g\u00e8re astringence. \u00c0 accompagner d\u2019un plat moelleux.<\/p>\n<p><\/div><!-- .hide-this-part --><\/div><!-- hide-this-part-wrap -->\n","protected":false},"excerpt":{"rendered":"<p>&nbsp; Le Vin &nbsp; Le vignoble de La Raz Caman est implant\u00e9 sur les coteaux \u00ab\u00a0argileux calcaires, pierreux\u00a0\u00bb de la commune d&rsquo;Anglade dont F\u00e9ret mentionner en 1868 que ses vins color\u00e9s et tr\u00e8s murs \u00e9taient recherch\u00e9s pour les affaires de primeurs. &nbsp; Les nombreuses couches de pierres calcaires permettent un drainage naturel du sol et [&hellip;]<\/p>\n <a class=\"more-link\" href=\"https:\/\/www.larazcaman.com\/fr\/?page_id=306\">Keep reading<\/a>","protected":false},"author":1,"featured_media":0,"parent":293,"menu_order":2,"comment_status":"closed","ping_status":"open","template":"","meta":{"ngg_post_thumbnail":0,"footnotes":""},"aioseo_notices":[],"_links":{"self":[{"href":"https:\/\/www.larazcaman.com\/fr\/index.php?rest_route=\/wp\/v2\/pages\/306"}],"collection":[{"href":"https:\/\/www.larazcaman.com\/fr\/index.php?rest_route=\/wp\/v2\/pages"}],"about":[{"href":"https:\/\/www.larazcaman.com\/fr\/index.php?rest_route=\/wp\/v2\/types\/page"}],"author":[{"embeddable":true,"href":"https:\/\/www.larazcaman.com\/fr\/index.php?rest_route=\/wp\/v2\/users\/1"}],"replies":[{"embeddable":true,"href":"https:\/\/www.larazcaman.com\/fr\/index.php?rest_route=%2Fwp%2Fv2%2Fcomments&post=306"}],"version-history":[{"count":0,"href":"https:\/\/www.larazcaman.com\/fr\/index.php?rest_route=\/wp\/v2\/pages\/306\/revisions"}],"up":[{"embeddable":true,"href":"https:\/\/www.larazcaman.com\/fr\/index.php?rest_route=\/wp\/v2\/pages\/293"}],"wp:attachment":[{"href":"https:\/\/www.larazcaman.com\/fr\/index.php?rest_route=%2Fwp%2Fv2%2Fmedia&parent=306"}],"curies":[{"name":"wp","href":"https:\/\/api.w.org\/{rel}","templated":true}]}}