{"id":304,"date":"2011-03-17T14:47:39","date_gmt":"2011-03-17T14:47:39","guid":{"rendered":"http:\/\/www.larazcaman.com\/wordpress\/?page_id=304"},"modified":"2012-01-06T14:14:15","modified_gmt":"2012-01-06T14:14:15","slug":"caman","status":"publish","type":"page","link":"https:\/\/www.larazcaman.com\/fr\/?page_id=304","title":{"rendered":"Ch\u00e2teau Caman"},"content":{"rendered":"<p>&nbsp;<\/p>\n<p><strong>Le Vin<\/strong><\/p>\n<p>&nbsp;<\/p>\n<p>Les vins du Ch\u00e2teau Caman sont issus de terroir constitu\u00e9s de couches de graves, de sable-argileux et de pierres calcaires, provenant de l&rsquo;\u00e9rosion et des s\u00e9diments d\u00e9pos\u00e9s par la Gironde au cours des mill\u00e9naires.<\/p>\n<p>Afin d&rsquo;exploiter au mieux les diff\u00e9rentes composantes g\u00e9ologiques de ce terroir nous avons depuis de nombreuses ann\u00e9es adapt\u00e9es les porte-greffes et les c\u00e9pages au sol par une restructuration permanente des parcelles.<\/p>\n<p>&nbsp;<\/p>\n\n<div class=\"ngg-galleryoverview ngg-template-caption\" id=\"ngg-gallery-517fd697ef8ccd777befe1c97ebce9ab-304\">\n\n\t\t\n\t<!-- Thumbnails -->\n\t\t\t\t\t\n\t<div id=\"ngg-image-85\" class=\"ngg-gallery-thumbnail-box\"  >\n\t\t<div class=\"ngg-gallery-thumbnail\" >\n\t\t\t<a href=\"https:\/\/www.larazcaman.com\/fr\/wp-content\/gallery\/produit_c2\/caman1.jpg\"\n\t\t\t\ttitle=\" \"\n\t\t\t\tclass=\"ngg-fancybox\" rel=\"517fd697ef8ccd777befe1c97ebce9ab\" data-image-id=\"85\" data-src=\"https:\/\/www.larazcaman.com\/fr\/wp-content\/gallery\/produit_c2\/caman1.jpg\" data-thumbnail=\"https:\/\/www.larazcaman.com\/fr\/wp-content\/gallery\/produit_c2\/cache\/caman1.jpg-nggid0285-ngg0dyn-150x110x100-00f0w010c011r110f110r010t010.jpg\" data-title=\"caman1\" data-description=\" \" >\n\t\t\t\t\t\t\t\t<img title=\"caman1\" alt=\"caman1\" src=\"https:\/\/www.larazcaman.com\/fr\/wp-content\/gallery\/produit_c2\/cache\/caman1.jpg-nggid0285-ngg0dyn-150x110x100-00f0w010c011r110f110r010t010.jpg\" width='150' height='110' \/>\n\t\t\t\t\t\t\t<\/a>\n\t\t\t<span>\n\t\t\t \t\t\t<\/span>\n\t\t<\/div>\n\t<\/div>\n\t\t\t\t\t\t\t\t\n\t<!-- Pagination -->\n\t\t<div class='ngg-clear'><\/div>\t\n<\/div>\n\n\t\n<p>&nbsp;<\/p>\n<p>&nbsp;<\/p>\n<p><strong>Fiches techniques<\/strong><\/p>\n<p>&nbsp;<\/p>\n<p>Ch\u00e2teau Caman <span style=\"color: #830b19;\">Rouge<\/span> | <a href=\"https:\/\/www.larazcaman.com\/fr\/wp-content\/images\/Ch\u00e2teau-Caman-2006.pdf\" target=\"_blank\">2006<\/a> | <a href=\"https:\/\/www.larazcaman.com\/fr\/wp-content\/images\/Ch\u00e2teau-Caman-2007.pdf\" target=\"_blank\">2007<\/a> | <a href=\"https:\/\/www.larazcaman.com\/fr\/wp-content\/images\/Ch\u00e2teau-Caman-2008.pdf\" target=\"_blank\">2008<\/a><\/p>\n<p>Ch\u00e2teau Caman <span style=\"color: #ff00ff;\">Ros\u00e9<\/span> | <a href=\"https:\/\/www.larazcaman.com\/fr\/wp-content\/images\/Ch\u00e2teau-Caman-Rose-2010.pdf\" target=\"_blank\">2010<\/a><\/p>\n<p>&nbsp;<\/p>\n\n<div class=\"ngg-galleryoverview ngg-template-caption\" id=\"ngg-gallery-5fc53f3dc32ee2bbde8ea7672413b138-304\">\n\n\t\t\n\t<!-- Thumbnails -->\n\t\t\t\t\t\n\t<div id=\"ngg-image-106\" class=\"ngg-gallery-thumbnail-box\"  >\n\t\t<div class=\"ngg-gallery-thumbnail\" >\n\t\t\t<a href=\"https:\/\/www.larazcaman.com\/fr\/wp-content\/gallery\/produit_c\/caman.jpg\"\n\t\t\t\ttitle=\" \"\n\t\t\t\tclass=\"ngg-fancybox\" rel=\"5fc53f3dc32ee2bbde8ea7672413b138\" data-image-id=\"106\" data-src=\"https:\/\/www.larazcaman.com\/fr\/wp-content\/gallery\/produit_c\/caman.jpg\" data-thumbnail=\"https:\/\/www.larazcaman.com\/fr\/wp-content\/gallery\/produit_c\/cache\/caman.jpg-nggid03106-ngg0dyn-150x110x100-00f0w010c011r110f110r010t010.jpg\" data-title=\"caman\" data-description=\" \" >\n\t\t\t\t\t\t\t\t<img title=\"caman\" alt=\"caman\" src=\"https:\/\/www.larazcaman.com\/fr\/wp-content\/gallery\/produit_c\/cache\/caman.jpg-nggid03106-ngg0dyn-150x110x100-00f0w010c011r110f110r010t010.jpg\" width='150' height='110' \/>\n\t\t\t\t\t\t\t<\/a>\n\t\t\t<span>\n\t\t\t \t\t\t<\/span>\n\t\t<\/div>\n\t<\/div>\n\t\t\t\t\t\t\t\t\n\t<div id=\"ngg-image-69\" class=\"ngg-gallery-thumbnail-box\"  >\n\t\t<div class=\"ngg-gallery-thumbnail\" >\n\t\t\t<a href=\"https:\/\/www.larazcaman.com\/fr\/wp-content\/gallery\/produit_c\/caman_e1.jpg\"\n\t\t\t\ttitle=\" \"\n\t\t\t\tclass=\"ngg-fancybox\" rel=\"5fc53f3dc32ee2bbde8ea7672413b138\" data-image-id=\"69\" data-src=\"https:\/\/www.larazcaman.com\/fr\/wp-content\/gallery\/produit_c\/caman_e1.jpg\" data-thumbnail=\"https:\/\/www.larazcaman.com\/fr\/wp-content\/gallery\/produit_c\/cache\/caman_e1.jpg-nggid0269-ngg0dyn-150x110x100-00f0w010c011r110f110r010t010.jpg\" data-title=\"caman_e1\" data-description=\" \" >\n\t\t\t\t\t\t\t\t<img title=\"caman_e1\" alt=\"caman_e1\" src=\"https:\/\/www.larazcaman.com\/fr\/wp-content\/gallery\/produit_c\/cache\/caman_e1.jpg-nggid0269-ngg0dyn-150x110x100-00f0w010c011r110f110r010t010.jpg\" width='150' height='110' \/>\n\t\t\t\t\t\t\t<\/a>\n\t\t\t<span>\n\t\t\t \t\t\t<\/span>\n\t\t<\/div>\n\t<\/div>\n\t\t\t\t\t\t\t\t\n\t<div id=\"ngg-image-70\" class=\"ngg-gallery-thumbnail-box\"  >\n\t\t<div class=\"ngg-gallery-thumbnail\" >\n\t\t\t<a href=\"https:\/\/www.larazcaman.com\/fr\/wp-content\/gallery\/produit_c\/caman_e2.jpg\"\n\t\t\t\ttitle=\" \"\n\t\t\t\tclass=\"ngg-fancybox\" rel=\"5fc53f3dc32ee2bbde8ea7672413b138\" data-image-id=\"70\" data-src=\"https:\/\/www.larazcaman.com\/fr\/wp-content\/gallery\/produit_c\/caman_e2.jpg\" data-thumbnail=\"https:\/\/www.larazcaman.com\/fr\/wp-content\/gallery\/produit_c\/cache\/caman_e2.jpg-nggid0270-ngg0dyn-150x110x100-00f0w010c011r110f110r010t010.jpg\" data-title=\"caman_e2\" data-description=\" \" >\n\t\t\t\t\t\t\t\t<img title=\"caman_e2\" alt=\"caman_e2\" src=\"https:\/\/www.larazcaman.com\/fr\/wp-content\/gallery\/produit_c\/cache\/caman_e2.jpg-nggid0270-ngg0dyn-150x110x100-00f0w010c011r110f110r010t010.jpg\" width='150' height='110' \/>\n\t\t\t\t\t\t\t<\/a>\n\t\t\t<span>\n\t\t\t \t\t\t<\/span>\n\t\t<\/div>\n\t<\/div>\n\t\t\t\t\t\t\t\t\n\t<div id=\"ngg-image-107\" class=\"ngg-gallery-thumbnail-box\"  >\n\t\t<div class=\"ngg-gallery-thumbnail\" >\n\t\t\t<a href=\"https:\/\/www.larazcaman.com\/fr\/wp-content\/gallery\/produit_c\/rose.jpg\"\n\t\t\t\ttitle=\" \"\n\t\t\t\tclass=\"ngg-fancybox\" rel=\"5fc53f3dc32ee2bbde8ea7672413b138\" data-image-id=\"107\" data-src=\"https:\/\/www.larazcaman.com\/fr\/wp-content\/gallery\/produit_c\/rose.jpg\" data-thumbnail=\"https:\/\/www.larazcaman.com\/fr\/wp-content\/gallery\/produit_c\/cache\/rose.jpg-nggid03107-ngg0dyn-150x110x100-00f0w010c011r110f110r010t010.jpg\" data-title=\"rose\" data-description=\" \" >\n\t\t\t\t\t\t\t\t<img title=\"rose\" alt=\"rose\" src=\"https:\/\/www.larazcaman.com\/fr\/wp-content\/gallery\/produit_c\/cache\/rose.jpg-nggid03107-ngg0dyn-150x110x100-00f0w010c011r110f110r010t010.jpg\" width='150' height='110' \/>\n\t\t\t\t\t\t\t<\/a>\n\t\t\t<span>\n\t\t\t \t\t\t<\/span>\n\t\t<\/div>\n\t<\/div>\n\t\t\t\t\t\t\t\t\n\t<div id=\"ngg-image-71\" class=\"ngg-gallery-thumbnail-box\"  >\n\t\t<div class=\"ngg-gallery-thumbnail\" >\n\t\t\t<a href=\"https:\/\/www.larazcaman.com\/fr\/wp-content\/gallery\/produit_c\/rose_e1.jpg\"\n\t\t\t\ttitle=\" \"\n\t\t\t\tclass=\"ngg-fancybox\" rel=\"5fc53f3dc32ee2bbde8ea7672413b138\" data-image-id=\"71\" data-src=\"https:\/\/www.larazcaman.com\/fr\/wp-content\/gallery\/produit_c\/rose_e1.jpg\" data-thumbnail=\"https:\/\/www.larazcaman.com\/fr\/wp-content\/gallery\/produit_c\/cache\/rose_e1.jpg-nggid0271-ngg0dyn-150x110x100-00f0w010c011r110f110r010t010.jpg\" data-title=\"rose_e1\" data-description=\" \" >\n\t\t\t\t\t\t\t\t<img title=\"rose_e1\" alt=\"rose_e1\" src=\"https:\/\/www.larazcaman.com\/fr\/wp-content\/gallery\/produit_c\/cache\/rose_e1.jpg-nggid0271-ngg0dyn-150x110x100-00f0w010c011r110f110r010t010.jpg\" width='150' height='110' \/>\n\t\t\t\t\t\t\t<\/a>\n\t\t\t<span>\n\t\t\t \t\t\t<\/span>\n\t\t<\/div>\n\t<\/div>\n\t\t\t\t\t\t\t\t\n\t<div id=\"ngg-image-72\" class=\"ngg-gallery-thumbnail-box\"  >\n\t\t<div class=\"ngg-gallery-thumbnail\" >\n\t\t\t<a href=\"https:\/\/www.larazcaman.com\/fr\/wp-content\/gallery\/produit_c\/rose_e2.jpg\"\n\t\t\t\ttitle=\" \"\n\t\t\t\tclass=\"ngg-fancybox\" rel=\"5fc53f3dc32ee2bbde8ea7672413b138\" data-image-id=\"72\" data-src=\"https:\/\/www.larazcaman.com\/fr\/wp-content\/gallery\/produit_c\/rose_e2.jpg\" data-thumbnail=\"https:\/\/www.larazcaman.com\/fr\/wp-content\/gallery\/produit_c\/cache\/rose_e2.jpg-nggid0272-ngg0dyn-150x110x100-00f0w010c011r110f110r010t010.jpg\" data-title=\"rose_e2\" data-description=\" \" >\n\t\t\t\t\t\t\t\t<img title=\"rose_e2\" alt=\"rose_e2\" src=\"https:\/\/www.larazcaman.com\/fr\/wp-content\/gallery\/produit_c\/cache\/rose_e2.jpg-nggid0272-ngg0dyn-150x110x100-00f0w010c011r110f110r010t010.jpg\" width='150' height='110' \/>\n\t\t\t\t\t\t\t<\/a>\n\t\t\t<span>\n\t\t\t \t\t\t<\/span>\n\t\t<\/div>\n\t<\/div>\n\t\t\t\t\t\t\t\t\n\t<!-- Pagination -->\n\t\t<div class='ngg-clear'><\/div>\t\n<\/div>\n\n\t\n","protected":false},"excerpt":{"rendered":"<p>&nbsp; Le Vin &nbsp; Les vins du Ch\u00e2teau Caman sont issus de terroir constitu\u00e9s de couches de graves, de sable-argileux et de pierres calcaires, provenant de l&rsquo;\u00e9rosion et des s\u00e9diments d\u00e9pos\u00e9s par la Gironde au cours des mill\u00e9naires. Afin d&rsquo;exploiter au mieux les diff\u00e9rentes composantes g\u00e9ologiques de ce terroir nous avons depuis de nombreuses ann\u00e9es [&hellip;]<\/p>\n <a class=\"more-link\" href=\"https:\/\/www.larazcaman.com\/fr\/?page_id=304\">Keep reading<\/a>","protected":false},"author":1,"featured_media":0,"parent":293,"menu_order":1,"comment_status":"closed","ping_status":"open","template":"","meta":{"ngg_post_thumbnail":0,"footnotes":""},"aioseo_notices":[],"_links":{"self":[{"href":"https:\/\/www.larazcaman.com\/fr\/index.php?rest_route=\/wp\/v2\/pages\/304"}],"collection":[{"href":"https:\/\/www.larazcaman.com\/fr\/index.php?rest_route=\/wp\/v2\/pages"}],"about":[{"href":"https:\/\/www.larazcaman.com\/fr\/index.php?rest_route=\/wp\/v2\/types\/page"}],"author":[{"embeddable":true,"href":"https:\/\/www.larazcaman.com\/fr\/index.php?rest_route=\/wp\/v2\/users\/1"}],"replies":[{"embeddable":true,"href":"https:\/\/www.larazcaman.com\/fr\/index.php?rest_route=%2Fwp%2Fv2%2Fcomments&post=304"}],"version-history":[{"count":0,"href":"https:\/\/www.larazcaman.com\/fr\/index.php?rest_route=\/wp\/v2\/pages\/304\/revisions"}],"up":[{"embeddable":true,"href":"https:\/\/www.larazcaman.com\/fr\/index.php?rest_route=\/wp\/v2\/pages\/293"}],"wp:attachment":[{"href":"https:\/\/www.larazcaman.com\/fr\/index.php?rest_route=%2Fwp%2Fv2%2Fmedia&parent=304"}],"curies":[{"name":"wp","href":"https:\/\/api.w.org\/{rel}","templated":true}]}}