{"id":41,"date":"2012-01-10T13:00:10","date_gmt":"2012-01-10T13:00:10","guid":{"rendered":"http:\/\/www.larazcaman.com\/en\/?page_id=41"},"modified":"2012-01-10T14:39:10","modified_gmt":"2012-01-10T14:39:10","slug":"41-2","status":"publish","type":"page","link":"https:\/\/www.larazcaman.com\/en\/?page_id=41","title":{"rendered":"Ch\u00e2teau M\u00e9lignan"},"content":{"rendered":"<p>&nbsp;<\/p>\n<p><strong>The Wine<\/strong><\/p>\n<p>&nbsp;<\/p>\n<p>The originality, character and specificity of M\u00e9lignan can certainly be explained by the strong proportion of MALBEC in the blend.<\/p>\n<p>This is a very old grape variety of our region, that was to a certain extent forgotten and left aside, for various reasons. The variety is rather difficult to control in production, requires painstaking care to reach optimum ripeness, needs a perfect harvest, and calls for very subtle vinification to avoid altering its fragrances of violets and spices, not to mention ageing in oak barrels, with different toasting and woods emphasizing the complexity of the variety.<\/p>\n<p>&nbsp;<\/p>\n<!-- default-view.php -->\n<div\n\tclass=\"ngg-galleryoverview default-view \n\t ngg-ajax-pagination-none\t\"\n\tid=\"ngg-gallery-fbe478f21ee7bdbdd5daa1537f6ee415-1\">\n\n\t\t<!-- Thumbnails -->\n\t\t\t\t<div id=\"ngg-image-0\" class=\"ngg-gallery-thumbnail-box \n\t\t\t\t\t\t\t\t\t\t\t\" \n\t\t\t>\n\t\t\t\t\t\t<div class=\"ngg-gallery-thumbnail\">\n\t\t\t<a href=\"https:\/\/www.larazcaman.com\/en\/wp-content\/gallery\/produit_m2\/melignan1.jpg\"\n\t\t\t\ttitle=\"\"\n\t\t\t\tdata-src=\"https:\/\/www.larazcaman.com\/en\/wp-content\/gallery\/produit_m2\/melignan1.jpg\"\n\t\t\t\tdata-thumbnail=\"https:\/\/www.larazcaman.com\/en\/wp-content\/gallery\/produit_m2\/thumbs\/thumbs_melignan1.jpg\"\n\t\t\t\tdata-image-id=\"20\"\n\t\t\t\tdata-title=\"melignan1\"\n\t\t\t\tdata-description=\"\"\n\t\t\t\tdata-image-slug=\"melignan1\"\n\t\t\t\tclass=\"ngg-simplelightbox\" rel=\"fbe478f21ee7bdbdd5daa1537f6ee415\">\n\t\t\t\t<img\n\t\t\t\t\ttitle=\"melignan1\"\n\t\t\t\t\talt=\"melignan1\"\n\t\t\t\t\tsrc=\"https:\/\/www.larazcaman.com\/en\/wp-content\/gallery\/produit_m2\/thumbs\/thumbs_melignan1.jpg\"\n\t\t\t\t\twidth=\"110\"\n\t\t\t\t\theight=\"83\"\n\t\t\t\t\tstyle=\"max-width:100%;\"\n\t\t\t\t\/>\n\t\t\t<\/a>\n\t\t<\/div>\n\t\t\t\t\t\t\t<\/div> \n\t\t\t\n\t\t\t\t<div id=\"ngg-image-1\" class=\"ngg-gallery-thumbnail-box \n\t\t\t\t\t\t\t\t\t\t\t\" \n\t\t\t>\n\t\t\t\t\t\t<div class=\"ngg-gallery-thumbnail\">\n\t\t\t<a href=\"https:\/\/www.larazcaman.com\/en\/wp-content\/gallery\/produit_m2\/melignan2.jpg\"\n\t\t\t\ttitle=\"\"\n\t\t\t\tdata-src=\"https:\/\/www.larazcaman.com\/en\/wp-content\/gallery\/produit_m2\/melignan2.jpg\"\n\t\t\t\tdata-thumbnail=\"https:\/\/www.larazcaman.com\/en\/wp-content\/gallery\/produit_m2\/thumbs\/thumbs_melignan2.jpg\"\n\t\t\t\tdata-image-id=\"21\"\n\t\t\t\tdata-title=\"melignan2\"\n\t\t\t\tdata-description=\"\"\n\t\t\t\tdata-image-slug=\"melignan2\"\n\t\t\t\tclass=\"ngg-simplelightbox\" rel=\"fbe478f21ee7bdbdd5daa1537f6ee415\">\n\t\t\t\t<img\n\t\t\t\t\ttitle=\"melignan2\"\n\t\t\t\t\talt=\"melignan2\"\n\t\t\t\t\tsrc=\"https:\/\/www.larazcaman.com\/en\/wp-content\/gallery\/produit_m2\/thumbs\/thumbs_melignan2.jpg\"\n\t\t\t\t\twidth=\"110\"\n\t\t\t\t\theight=\"83\"\n\t\t\t\t\tstyle=\"max-width:100%;\"\n\t\t\t\t\/>\n\t\t\t<\/a>\n\t\t<\/div>\n\t\t\t\t\t\t\t<\/div> \n\t\t\t\n\t\t\t\t<div id=\"ngg-image-2\" class=\"ngg-gallery-thumbnail-box \n\t\t\t\t\t\t\t\t\t\t\t\" \n\t\t\t>\n\t\t\t\t\t\t<div class=\"ngg-gallery-thumbnail\">\n\t\t\t<a href=\"https:\/\/www.larazcaman.com\/en\/wp-content\/gallery\/produit_m2\/melignan3.jpg\"\n\t\t\t\ttitle=\"\"\n\t\t\t\tdata-src=\"https:\/\/www.larazcaman.com\/en\/wp-content\/gallery\/produit_m2\/melignan3.jpg\"\n\t\t\t\tdata-thumbnail=\"https:\/\/www.larazcaman.com\/en\/wp-content\/gallery\/produit_m2\/thumbs\/thumbs_melignan3.jpg\"\n\t\t\t\tdata-image-id=\"22\"\n\t\t\t\tdata-title=\"melignan3\"\n\t\t\t\tdata-description=\"\"\n\t\t\t\tdata-image-slug=\"melignan3\"\n\t\t\t\tclass=\"ngg-simplelightbox\" rel=\"fbe478f21ee7bdbdd5daa1537f6ee415\">\n\t\t\t\t<img\n\t\t\t\t\ttitle=\"melignan3\"\n\t\t\t\t\talt=\"melignan3\"\n\t\t\t\t\tsrc=\"https:\/\/www.larazcaman.com\/en\/wp-content\/gallery\/produit_m2\/thumbs\/thumbs_melignan3.jpg\"\n\t\t\t\t\twidth=\"110\"\n\t\t\t\t\theight=\"83\"\n\t\t\t\t\tstyle=\"max-width:100%;\"\n\t\t\t\t\/>\n\t\t\t<\/a>\n\t\t<\/div>\n\t\t\t\t\t\t\t<\/div> \n\t\t\t\n\t\n\t<br style=\"clear: both\" \/>\n\n\t\n\t\t<!-- Pagination -->\n\t\t<div class='ngg-clear'><\/div>\t<\/div>\n\n<p>&nbsp;<\/p>\n<p>&nbsp;<\/p>\n<p><strong>Technical Sheets<\/strong><\/p>\n<p>&nbsp;<\/p>\n<p style=\"text-align: left;\">Ch\u00e2teau M\u00e9lignan <span style=\"color: #830b19;\">Rouge<\/span> | 2002 | 2003 | 2005<\/p>\n<p>&nbsp;<\/p>\n<!-- default-view.php -->\n<div\n\tclass=\"ngg-galleryoverview default-view \n\t ngg-ajax-pagination-none\t\"\n\tid=\"ngg-gallery-42bfc71bd4863e093f043d76d06044c1-1\">\n\n\t\t<!-- Thumbnails -->\n\t\t\t\t<div id=\"ngg-image-0\" class=\"ngg-gallery-thumbnail-box \n\t\t\t\t\t\t\t\t\t\t\t\" \n\t\t\t>\n\t\t\t\t\t\t<div class=\"ngg-gallery-thumbnail\">\n\t\t\t<a href=\"https:\/\/www.larazcaman.com\/en\/wp-content\/gallery\/produit_m\/melignan.jpg\"\n\t\t\t\ttitle=\"\"\n\t\t\t\tdata-src=\"https:\/\/www.larazcaman.com\/en\/wp-content\/gallery\/produit_m\/melignan.jpg\"\n\t\t\t\tdata-thumbnail=\"https:\/\/www.larazcaman.com\/en\/wp-content\/gallery\/produit_m\/thumbs\/thumbs_melignan.jpg\"\n\t\t\t\tdata-image-id=\"17\"\n\t\t\t\tdata-title=\"melignan\"\n\t\t\t\tdata-description=\"\"\n\t\t\t\tdata-image-slug=\"melignan\"\n\t\t\t\tclass=\"ngg-simplelightbox\" rel=\"42bfc71bd4863e093f043d76d06044c1\">\n\t\t\t\t<img\n\t\t\t\t\ttitle=\"melignan\"\n\t\t\t\t\talt=\"melignan\"\n\t\t\t\t\tsrc=\"https:\/\/www.larazcaman.com\/en\/wp-content\/gallery\/produit_m\/thumbs\/thumbs_melignan.jpg\"\n\t\t\t\t\twidth=\"110\"\n\t\t\t\t\theight=\"83\"\n\t\t\t\t\tstyle=\"max-width:100%;\"\n\t\t\t\t\/>\n\t\t\t<\/a>\n\t\t<\/div>\n\t\t\t\t\t\t\t<\/div> \n\t\t\t\n\t\t\t\t<div id=\"ngg-image-1\" class=\"ngg-gallery-thumbnail-box \n\t\t\t\t\t\t\t\t\t\t\t\" \n\t\t\t>\n\t\t\t\t\t\t<div class=\"ngg-gallery-thumbnail\">\n\t\t\t<a href=\"https:\/\/www.larazcaman.com\/en\/wp-content\/gallery\/produit_m\/melignan_e1.jpg\"\n\t\t\t\ttitle=\"\"\n\t\t\t\tdata-src=\"https:\/\/www.larazcaman.com\/en\/wp-content\/gallery\/produit_m\/melignan_e1.jpg\"\n\t\t\t\tdata-thumbnail=\"https:\/\/www.larazcaman.com\/en\/wp-content\/gallery\/produit_m\/thumbs\/thumbs_melignan_e1.jpg\"\n\t\t\t\tdata-image-id=\"18\"\n\t\t\t\tdata-title=\"melignan_e1\"\n\t\t\t\tdata-description=\"\"\n\t\t\t\tdata-image-slug=\"melignan_e1\"\n\t\t\t\tclass=\"ngg-simplelightbox\" rel=\"42bfc71bd4863e093f043d76d06044c1\">\n\t\t\t\t<img\n\t\t\t\t\ttitle=\"melignan_e1\"\n\t\t\t\t\talt=\"melignan_e1\"\n\t\t\t\t\tsrc=\"https:\/\/www.larazcaman.com\/en\/wp-content\/gallery\/produit_m\/thumbs\/thumbs_melignan_e1.jpg\"\n\t\t\t\t\twidth=\"110\"\n\t\t\t\t\theight=\"83\"\n\t\t\t\t\tstyle=\"max-width:100%;\"\n\t\t\t\t\/>\n\t\t\t<\/a>\n\t\t<\/div>\n\t\t\t\t\t\t\t<\/div> \n\t\t\t\n\t\t\t\t<div id=\"ngg-image-2\" class=\"ngg-gallery-thumbnail-box \n\t\t\t\t\t\t\t\t\t\t\t\" \n\t\t\t>\n\t\t\t\t\t\t<div class=\"ngg-gallery-thumbnail\">\n\t\t\t<a href=\"https:\/\/www.larazcaman.com\/en\/wp-content\/gallery\/produit_m\/melignan_e2.jpg\"\n\t\t\t\ttitle=\"\"\n\t\t\t\tdata-src=\"https:\/\/www.larazcaman.com\/en\/wp-content\/gallery\/produit_m\/melignan_e2.jpg\"\n\t\t\t\tdata-thumbnail=\"https:\/\/www.larazcaman.com\/en\/wp-content\/gallery\/produit_m\/thumbs\/thumbs_melignan_e2.jpg\"\n\t\t\t\tdata-image-id=\"19\"\n\t\t\t\tdata-title=\"melignan_e2\"\n\t\t\t\tdata-description=\"\"\n\t\t\t\tdata-image-slug=\"melignan_e2\"\n\t\t\t\tclass=\"ngg-simplelightbox\" rel=\"42bfc71bd4863e093f043d76d06044c1\">\n\t\t\t\t<img\n\t\t\t\t\ttitle=\"melignan_e2\"\n\t\t\t\t\talt=\"melignan_e2\"\n\t\t\t\t\tsrc=\"https:\/\/www.larazcaman.com\/en\/wp-content\/gallery\/produit_m\/thumbs\/thumbs_melignan_e2.jpg\"\n\t\t\t\t\twidth=\"110\"\n\t\t\t\t\theight=\"83\"\n\t\t\t\t\tstyle=\"max-width:100%;\"\n\t\t\t\t\/>\n\t\t\t<\/a>\n\t\t<\/div>\n\t\t\t\t\t\t\t<\/div> \n\t\t\t\n\t\n\t<br style=\"clear: both\" \/>\n\n\t\n\t\t<!-- Pagination -->\n\t\t<div class='ngg-clear'><\/div>\t<\/div>\n\n<p>&nbsp;<\/p>\n<p>&nbsp;<\/p>\n<p><strong>Press Review<\/strong><\/p>\n<p>&nbsp;<\/p>\n<p><span style=\"text-decoration: underline;\">M\u00e9lignan 2005<\/span> \u2013 Vinum \u2013 September 2009<\/p>\n<p>Der Malbec macht fast die H\u00e4lfe des Rebsatzes aus und gibt dem Wein diese besondere Fleischigkeit und W\u00fcrze, eine Textur von Saft und Rasse, die ihm hervorragend ansteht. Eigenst\u00e4ndig und zum Beissen gut. 2010 bis 2013.<\/p>\n<p><span style=\"text-decoration: underline;\">Note:<\/span> 16\/20<\/p>\n<p>&nbsp;<\/p>\n<p><span style=\"text-decoration: underline;\">M\u00e9lignan 2001<\/span> \u2013 Vins &amp; Terroirs Authentiques \u2013 n\u00b012 \u2013 Winter 2004\/2005<\/p>\n<p>Vue: Robe d\u2019une grande jeunesse, grenat pourpre \u00e0 nuances violac\u00e9es sur le disque.<\/p>\n<p>Nez: Le premier nez s\u2019exprime dans un registre essentiellement \u00e9pic\u00e9 (poivre, garrigue, thym). L\u2019a\u00e9ration compl\u00e8te ce bouquet puissant par des ar\u00f4mes de fruits confitur\u00e9s.<\/p>\n<p>Bouche: La bouche confirme le nez ; ce vin de caract\u00e8re pr\u00e9sente une trame serr\u00e9e et des saveurs \u00e9pic\u00e9s tr\u00e8s expressives, compl\u00e9t\u00e9es par le registre de baies noires confitur\u00e9es (cassis, sureau). Une charpente tannique encore pr\u00e9sente mais distingu\u00e9e soutient un ensemble qui ne demande qu\u2019\u00e0 se fondre d\u2019avantage.<\/p>\n<p><span style=\"text-decoration: underline;\">Note:<\/span> 15,5\/20<\/p>\n","protected":false},"excerpt":{"rendered":"<p>&nbsp; The Wine &nbsp; The originality, character and specificity of M\u00e9lignan can certainly be explained by the strong proportion of MALBEC in the blend. This is a very old grape variety of our region, that was to a certain extent forgotten and left aside, for various reasons. The variety is rather difficult to control in [&hellip;]<\/p>\n <a class=\"more-link\" href=\"https:\/\/www.larazcaman.com\/en\/?page_id=41\">Keep reading<\/a>","protected":false},"author":1,"featured_media":0,"parent":27,"menu_order":3,"comment_status":"closed","ping_status":"closed","template":"","meta":{"_monsterinsights_skip_tracking":false,"_monsterinsights_sitenote_active":false,"_monsterinsights_sitenote_note":"","_monsterinsights_sitenote_category":0,"ngg_post_thumbnail":0,"footnotes":""},"aioseo_notices":[],"_links":{"self":[{"href":"https:\/\/www.larazcaman.com\/en\/index.php?rest_route=\/wp\/v2\/pages\/41"}],"collection":[{"href":"https:\/\/www.larazcaman.com\/en\/index.php?rest_route=\/wp\/v2\/pages"}],"about":[{"href":"https:\/\/www.larazcaman.com\/en\/index.php?rest_route=\/wp\/v2\/types\/page"}],"author":[{"embeddable":true,"href":"https:\/\/www.larazcaman.com\/en\/index.php?rest_route=\/wp\/v2\/users\/1"}],"replies":[{"embeddable":true,"href":"https:\/\/www.larazcaman.com\/en\/index.php?rest_route=%2Fwp%2Fv2%2Fcomments&post=41"}],"version-history":[{"count":4,"href":"https:\/\/www.larazcaman.com\/en\/index.php?rest_route=\/wp\/v2\/pages\/41\/revisions"}],"predecessor-version":[{"id":88,"href":"https:\/\/www.larazcaman.com\/en\/index.php?rest_route=\/wp\/v2\/pages\/41\/revisions\/88"}],"up":[{"embeddable":true,"href":"https:\/\/www.larazcaman.com\/en\/index.php?rest_route=\/wp\/v2\/pages\/27"}],"wp:attachment":[{"href":"https:\/\/www.larazcaman.com\/en\/index.php?rest_route=%2Fwp%2Fv2%2Fmedia&parent=41"}],"curies":[{"name":"wp","href":"https:\/\/api.w.org\/{rel}","templated":true}]}}