{"id":27,"date":"2012-01-10T11:01:19","date_gmt":"2012-01-10T11:01:19","guid":{"rendered":"http:\/\/www.larazcaman.com\/en\/?page_id=27"},"modified":"2012-01-10T16:40:56","modified_gmt":"2012-01-10T16:40:56","slug":"our-wines","status":"publish","type":"page","link":"http:\/\/www.larazcaman.com\/en\/?page_id=27","title":{"rendered":"Our Wines"},"content":{"rendered":"<p>&nbsp;<\/p>\n<div align=\"center\">\n<table width=\"620\" border=\"0\" cellspacing=\"0\" cellpadding=\"0\">\n<tbody>\n<tr>\n<td style=\"text-align: center;\" valign=\"top\" width=\"307\"><a title=\"Ch\u00e2teau Caman\" href=\"http:\/\/www.larazcaman.com\/en\/?page_id=30\"><img loading=\"lazy\" decoding=\"async\" class=\"ngg-singlepic ngg-center aligncenter\" style=\"border: 0pt none;\" src=\"http:\/\/www.larazcaman.com\/en\/wp-content\/gallery\/produit_c\/rose.jpg\" alt=\"rose\" width=\"105\" height=\"400\" \/><\/a><\/p>\n<p style=\"text-align: center;\">Ch\u00e2teau Caman Ros\u00e9<\/p>\n<\/td>\n<td style=\"text-align: center;\" valign=\"top\" width=\"307\"><a title=\"Ch\u00e2teau Caman\" href=\"http:\/\/www.larazcaman.com\/en\/?page_id=30\"><img loading=\"lazy\" decoding=\"async\" class=\"ngg-singlepic ngg-none aligncenter\" style=\"border: 0pt none;\" src=\"http:\/\/www.larazcaman.com\/en\/wp-content\/gallery\/produit_c\/caman.jpg\" alt=\"caman\" width=\"105\" height=\"400\" \/><\/a><\/p>\n<p style=\"text-align: center;\">Ch\u00e2teau Caman Rouge<\/p>\n<\/td>\n<\/tr>\n<tr>\n<td valign=\"top\" width=\"307\"><a title=\"Ch\u00e2teau Raz Caman\" href=\"http:\/\/www.larazcaman.com\/en\/?page_id=34\"><img loading=\"lazy\" decoding=\"async\" class=\"ngg-singlepic ngg-center aligncenter\" style=\"border: 0pt none;\" src=\"http:\/\/www.larazcaman.com\/en\/wp-content\/gallery\/produit_rc\/blanc.jpg\" alt=\"blanc\" width=\"105\" height=\"400\" \/><\/a><\/p>\n<p style=\"text-align: center;\">Ch\u00e2teau La Raz Caman Blanc<\/p>\n<\/td>\n<td valign=\"top\" width=\"307\"><a title=\"Ch\u00e2teau Raz Caman\" href=\"http:\/\/www.larazcaman.com\/en\/?page_id=34\"><img loading=\"lazy\" decoding=\"async\" class=\"ngg-singlepic ngg-center aligncenter\" style=\"border: 0pt none;\" src=\"http:\/\/www.larazcaman.com\/en\/wp-content\/gallery\/produit_rc\/raz_caman.jpg\" alt=\"raz_caman\" width=\"105\" height=\"400\" \/><\/a><\/p>\n<p style=\"text-align: center;\">Ch\u00e2teau La Raz Caman Rouge<\/p>\n<\/td>\n<\/tr>\n<tr>\n<td valign=\"top\" width=\"307\"><a title=\"Ch\u00e2teau M\u00e9lignan\" href=\"http:\/\/www.larazcaman.com\/en\/?page_id=41\"><img loading=\"lazy\" decoding=\"async\" class=\"ngg-singlepic ngg-center aligncenter\" style=\"border: 0pt none;\" src=\"http:\/\/www.larazcaman.com\/en\/wp-content\/gallery\/produit_m\/melignan.jpg\" alt=\"melignan\" width=\"105\" height=\"400\" \/><\/a><\/p>\n<p style=\"text-align: center;\">Ch\u00e2teau M\u00e9lignan<\/p>\n<\/td>\n<td valign=\"top\" width=\"307\"><\/td>\n<\/tr>\n<\/tbody>\n<\/table>\n<\/div>\n","protected":false},"excerpt":{"rendered":"<p>&nbsp; Ch\u00e2teau Caman Ros\u00e9 Ch\u00e2teau Caman Rouge Ch\u00e2teau La Raz Caman Blanc Ch\u00e2teau La Raz Caman Rouge Ch\u00e2teau M\u00e9lignan<\/p>\n <a class=\"more-link\" href=\"http:\/\/www.larazcaman.com\/en\/?page_id=27\">Keep reading<\/a>","protected":false},"author":1,"featured_media":0,"parent":0,"menu_order":2,"comment_status":"closed","ping_status":"closed","template":"","meta":{"_monsterinsights_skip_tracking":false,"_monsterinsights_sitenote_active":false,"_monsterinsights_sitenote_note":"","_monsterinsights_sitenote_category":0,"ngg_post_thumbnail":0,"footnotes":""},"aioseo_notices":[],"_links":{"self":[{"href":"http:\/\/www.larazcaman.com\/en\/index.php?rest_route=\/wp\/v2\/pages\/27"}],"collection":[{"href":"http:\/\/www.larazcaman.com\/en\/index.php?rest_route=\/wp\/v2\/pages"}],"about":[{"href":"http:\/\/www.larazcaman.com\/en\/index.php?rest_route=\/wp\/v2\/types\/page"}],"author":[{"embeddable":true,"href":"http:\/\/www.larazcaman.com\/en\/index.php?rest_route=\/wp\/v2\/users\/1"}],"replies":[{"embeddable":true,"href":"http:\/\/www.larazcaman.com\/en\/index.php?rest_route=%2Fwp%2Fv2%2Fcomments&post=27"}],"version-history":[{"count":4,"href":"http:\/\/www.larazcaman.com\/en\/index.php?rest_route=\/wp\/v2\/pages\/27\/revisions"}],"predecessor-version":[{"id":29,"href":"http:\/\/www.larazcaman.com\/en\/index.php?rest_route=\/wp\/v2\/pages\/27\/revisions\/29"}],"wp:attachment":[{"href":"http:\/\/www.larazcaman.com\/en\/index.php?rest_route=%2Fwp%2Fv2%2Fmedia&parent=27"}],"curies":[{"name":"wp","href":"https:\/\/api.w.org\/{rel}","templated":true}]}}